{"id":178,"date":"2022-05-09T21:06:24","date_gmt":"2022-05-09T21:06:24","guid":{"rendered":"https:\/\/www.technofox-international.com\/?page_id=178"},"modified":"2024-01-11T22:14:37","modified_gmt":"2024-01-11T22:14:37","slug":"partenaires","status":"publish","type":"page","link":"https:\/\/www.technofox-international.com\/sl\/partnerji\/","title":{"rendered":"Partnerji"},"content":{"rendered":"<div data-elementor-type=\"wp-page\" data-elementor-id=\"178\" class=\"elementor elementor-178\" data-elementor-post-type=\"page\">\n\t\t\t\t\t\t<section class=\"elementor-section elementor-top-section elementor-element elementor-element-7fe039c6 elementor-section-boxed elementor-section-height-default elementor-section-height-default\" data-id=\"7fe039c6\" data-element_type=\"section\" data-e-type=\"section\" data-settings=\"{&quot;background_background&quot;:&quot;classic&quot;}\">\n\t\t\t\t\t\t<div class=\"elementor-container elementor-column-gap-default\">\n\t\t\t\t\t<div class=\"elementor-column elementor-col-100 elementor-top-column elementor-element elementor-element-5b4e08a4\" data-id=\"5b4e08a4\" data-element_type=\"column\" data-e-type=\"column\">\n\t\t\t<div class=\"elementor-widget-wrap elementor-element-populated\">\n\t\t\t\t\t\t<div class=\"elementor-element elementor-element-1fea4e7d elementor-widget elementor-widget-heading\" data-id=\"1fea4e7d\" data-element_type=\"widget\" data-e-type=\"widget\" data-widget_type=\"heading.default\">\n\t\t\t\t<div class=\"elementor-widget-container\">\n\t\t\t\t\t<h1 class=\"elementor-heading-title elementor-size-default\">Partnerji<\/h1>\t\t\t\t<\/div>\n\t\t\t\t<\/div>\n\t\t\t\t<div class=\"elementor-element elementor-element-49e8d5c elementor-widget elementor-widget-text-editor\" data-id=\"49e8d5c\" data-element_type=\"widget\" data-e-type=\"widget\" data-widget_type=\"text-editor.default\">\n\t\t\t\t<div class=\"elementor-widget-container\">\n\t\t\t\t\t\t\t\t\t<p>Ta partnerska podjetja so podpisala pogodbo z na\u0161im podjetjem in priporo\u010dajo uporabo na\u0161ih izdelkov v lakirnicah. Technofox je edina alternativa brez hlapnih organskih spojin, opremljena z visoko zmogljivim strojem, ki deluje z barvami na vodni osnovi in s topili. Re\u0161itev, ki so jo odobrili proizvajalci barv v svojih centrih za usposabljanje in so jo potrdile njihove tehni\u010dne ekipe.<\/p><p>Preprosta, u\u010dinkovita in ekonomi\u010dna re\u0161itev, ki so jo potrdili vodilni na trgu.<\/p>\t\t\t\t\t\t\t\t<\/div>\n\t\t\t\t<\/div>\n\t\t\t\t<div class=\"elementor-element elementor-element-bd08566 elementor-icon-list--layout-inline elementor-align-center elementor-list-item-link-full_width elementor-widget elementor-widget-icon-list\" data-id=\"bd08566\" data-element_type=\"widget\" data-e-type=\"widget\" data-widget_type=\"icon-list.default\">\n\t\t\t\t<div class=\"elementor-widget-container\">\n\t\t\t\t\t\t\t<ul class=\"elementor-icon-list-items elementor-inline-items\">\n\t\t\t\t\t\t\t<li class=\"elementor-icon-list-item elementor-inline-item\">\n\t\t\t\t\t\t\t\t\t\t\t<a href=\"https:\/\/www.technofox-international.com\/sl\">\n\n\t\t\t\t\t\t\t\t\t\t\t\t<span class=\"elementor-icon-list-icon\">\n\t\t\t\t\t\t\t<i aria-hidden=\"true\" class=\"fas fa-home\"><\/i>\t\t\t\t\t\t<\/span>\n\t\t\t\t\t\t\t\t\t\t<span class=\"elementor-icon-list-text\">Technofox<\/span>\n\t\t\t\t\t\t\t\t\t\t\t<\/a>\n\t\t\t\t\t\t\t\t\t<\/li>\n\t\t\t\t\t\t\t\t<li class=\"elementor-icon-list-item elementor-inline-item\">\n\t\t\t\t\t\t\t\t\t\t\t<span class=\"elementor-icon-list-icon\">\n\t\t\t\t\t\t\t<i aria-hidden=\"true\" class=\"fas fa-angle-right\"><\/i>\t\t\t\t\t\t<\/span>\n\t\t\t\t\t\t\t\t\t\t<span class=\"elementor-icon-list-text\"><\/span>\n\t\t\t\t\t\t\t\t\t<\/li>\n\t\t\t\t\t\t<\/ul>\n\t\t\t\t\t\t<\/div>\n\t\t\t\t<\/div>\n\t\t\t\t\t<\/div>\n\t\t<\/div>\n\t\t\t\t\t<\/div>\n\t\t<\/section>\n\t\t\t\t<section class=\"elementor-section elementor-top-section elementor-element elementor-element-59709e7 elementor-section-boxed elementor-section-height-default elementor-section-height-default\" data-id=\"59709e7\" data-element_type=\"section\" data-e-type=\"section\" data-settings=\"{&quot;background_background&quot;:&quot;classic&quot;}\">\n\t\t\t\t\t\t\t<div class=\"elementor-background-overlay\"><\/div>\n\t\t\t\t\t\t\t<div class=\"elementor-container elementor-column-gap-default\">\n\t\t\t\t\t<div class=\"elementor-column elementor-col-100 elementor-top-column elementor-element elementor-element-2156d97\" data-id=\"2156d97\" data-element_type=\"column\" data-e-type=\"column\">\n\t\t\t<div class=\"elementor-widget-wrap elementor-element-populated\">\n\t\t\t\t\t\t<div class=\"elementor-element elementor-element-6b1fdd8 elementor-widget elementor-widget-heading\" data-id=\"6b1fdd8\" data-element_type=\"widget\" data-e-type=\"widget\" data-widget_type=\"heading.default\">\n\t\t\t\t<div class=\"elementor-widget-container\">\n\t\t\t\t\t<h2 class=\"elementor-heading-title elementor-size-default\">STRO\u0160KOVNO U\u010cINKOVITE IN EKOLO\u0160KE RE\u0160ITVE<\/h2>\t\t\t\t<\/div>\n\t\t\t\t<\/div>\n\t\t\t\t\t<\/div>\n\t\t<\/div>\n\t\t\t\t\t<\/div>\n\t\t<\/section>\n\t\t\t\t<section class=\"elementor-section elementor-top-section elementor-element elementor-element-c1150d8 elementor-section-boxed elementor-section-height-default elementor-section-height-default\" data-id=\"c1150d8\" data-element_type=\"section\" data-e-type=\"section\">\n\t\t\t\t\t\t<div class=\"elementor-container elementor-column-gap-default\">\n\t\t\t\t\t<div class=\"elementor-column elementor-col-33 elementor-top-column elementor-element elementor-element-0f81dc1\" data-id=\"0f81dc1\" data-element_type=\"column\" data-e-type=\"column\">\n\t\t\t<div class=\"elementor-widget-wrap elementor-element-populated\">\n\t\t\t\t\t\t<div class=\"elementor-element elementor-element-89f355b elementor-widget elementor-widget-image\" data-id=\"89f355b\" data-element_type=\"widget\" data-e-type=\"widget\" data-widget_type=\"image.default\">\n\t\t\t\t<div class=\"elementor-widget-container\">\n\t\t\t\t\t\t\t\t\t\t\t\t\t\t\t<img fetchpriority=\"high\" decoding=\"async\" width=\"800\" height=\"400\" src=\"https:\/\/www.technofox-international.com\/wp-content\/uploads\/2022\/05\/BASFo_wh100db_3c-1024x512.jpeg\" class=\"attachment-large size-large wp-image-183\" alt=\"\" srcset=\"https:\/\/www.technofox-international.com\/wp-content\/uploads\/2022\/05\/BASFo_wh100db_3c-1024x512.jpeg 1024w, https:\/\/www.technofox-international.com\/wp-content\/uploads\/2022\/05\/BASFo_wh100db_3c-300x150.jpeg 300w, https:\/\/www.technofox-international.com\/wp-content\/uploads\/2022\/05\/BASFo_wh100db_3c-768x384.jpeg 768w, https:\/\/www.technofox-international.com\/wp-content\/uploads\/2022\/05\/BASFo_wh100db_3c.jpeg 1182w\" sizes=\"(max-width: 800px) 100vw, 800px\" \/>\t\t\t\t\t\t\t\t\t\t\t\t\t\t\t<\/div>\n\t\t\t\t<\/div>\n\t\t\t\t\t<\/div>\n\t\t<\/div>\n\t\t\t\t<div class=\"elementor-column elementor-col-33 elementor-top-column elementor-element elementor-element-936a6d2\" data-id=\"936a6d2\" data-element_type=\"column\" data-e-type=\"column\">\n\t\t\t<div class=\"elementor-widget-wrap elementor-element-populated\">\n\t\t\t\t\t\t<div class=\"elementor-element elementor-element-b8c7ce6 elementor-widget elementor-widget-image\" data-id=\"b8c7ce6\" data-element_type=\"widget\" data-e-type=\"widget\" data-widget_type=\"image.default\">\n\t\t\t\t<div class=\"elementor-widget-container\">\n\t\t\t\t\t\t\t\t\t\t\t\t\t\t\t<img decoding=\"async\" width=\"800\" height=\"480\" src=\"https:\/\/www.technofox-international.com\/wp-content\/uploads\/2022\/05\/l_akzologo-1.png\" class=\"attachment-large size-large wp-image-181\" alt=\"\" srcset=\"https:\/\/www.technofox-international.com\/wp-content\/uploads\/2022\/05\/l_akzologo-1.png 1000w, https:\/\/www.technofox-international.com\/wp-content\/uploads\/2022\/05\/l_akzologo-1-300x180.png 300w, https:\/\/www.technofox-international.com\/wp-content\/uploads\/2022\/05\/l_akzologo-1-768x461.png 768w\" sizes=\"(max-width: 800px) 100vw, 800px\" \/>\t\t\t\t\t\t\t\t\t\t\t\t\t\t\t<\/div>\n\t\t\t\t<\/div>\n\t\t\t\t\t<\/div>\n\t\t<\/div>\n\t\t\t\t<div class=\"elementor-column elementor-col-33 elementor-top-column elementor-element elementor-element-d69f450\" data-id=\"d69f450\" data-element_type=\"column\" data-e-type=\"column\">\n\t\t\t<div class=\"elementor-widget-wrap elementor-element-populated\">\n\t\t\t\t\t\t<div class=\"elementor-element elementor-element-8cf45b8 elementor-widget elementor-widget-image\" data-id=\"8cf45b8\" data-element_type=\"widget\" data-e-type=\"widget\" data-widget_type=\"image.default\">\n\t\t\t\t<div class=\"elementor-widget-container\">\n\t\t\t\t\t\t\t\t\t\t\t\t\t\t\t<img decoding=\"async\" width=\"800\" height=\"450\" src=\"https:\/\/www.technofox-international.com\/wp-content\/uploads\/2022\/05\/btec-logo-1024x576.png\" class=\"attachment-large size-large wp-image-180\" alt=\"\" srcset=\"https:\/\/www.technofox-international.com\/wp-content\/uploads\/2022\/05\/btec-logo-1024x576.png 1024w, https:\/\/www.technofox-international.com\/wp-content\/uploads\/2022\/05\/btec-logo-300x169.png 300w, https:\/\/www.technofox-international.com\/wp-content\/uploads\/2022\/05\/btec-logo-768x432.png 768w, https:\/\/www.technofox-international.com\/wp-content\/uploads\/2022\/05\/btec-logo-1536x864.png 1536w, https:\/\/www.technofox-international.com\/wp-content\/uploads\/2022\/05\/btec-logo-2048x1151.png 2048w\" sizes=\"(max-width: 800px) 100vw, 800px\" \/>\t\t\t\t\t\t\t\t\t\t\t\t\t\t\t<\/div>\n\t\t\t\t<\/div>\n\t\t\t\t\t<\/div>\n\t\t<\/div>\n\t\t\t\t\t<\/div>\n\t\t<\/section>\n\t\t\t\t<\/div>","protected":false},"excerpt":{"rendered":"<p>Partnerji Ta partnerska podjetja so podpisala pogodbo z na\u0161im podjetjem in priporo\u010dajo uporabo na\u0161ih izdelkov v lakirnicah. Technofox je edina alternativa brez hlapnih organskih spojin, opremljena z visoko zmogljivim strojem, ki deluje z barvami na vodni osnovi in s topili. Re\u0161itev, ki so jo odobrili proizvajalci barv v svojih centrih [...].<\/p>","protected":false},"author":2,"featured_media":0,"parent":0,"menu_order":0,"comment_status":"closed","ping_status":"closed","template":"","meta":{"footnotes":""},"class_list":["post-178","page","type-page","status-publish","hentry"],"_links":{"self":[{"href":"https:\/\/www.technofox-international.com\/sl\/wp-json\/wp\/v2\/pages\/178","targetHints":{"allow":["GET"]}}],"collection":[{"href":"https:\/\/www.technofox-international.com\/sl\/wp-json\/wp\/v2\/pages"}],"about":[{"href":"https:\/\/www.technofox-international.com\/sl\/wp-json\/wp\/v2\/types\/page"}],"author":[{"embeddable":true,"href":"https:\/\/www.technofox-international.com\/sl\/wp-json\/wp\/v2\/users\/2"}],"replies":[{"embeddable":true,"href":"https:\/\/www.technofox-international.com\/sl\/wp-json\/wp\/v2\/comments?post=178"}],"version-history":[{"count":13,"href":"https:\/\/www.technofox-international.com\/sl\/wp-json\/wp\/v2\/pages\/178\/revisions"}],"predecessor-version":[{"id":633,"href":"https:\/\/www.technofox-international.com\/sl\/wp-json\/wp\/v2\/pages\/178\/revisions\/633"}],"wp:attachment":[{"href":"https:\/\/www.technofox-international.com\/sl\/wp-json\/wp\/v2\/media?parent=178"}],"curies":[{"name":"wp","href":"https:\/\/api.w.org\/{rel}","templated":true}]}}