{"id":119,"date":"2022-05-09T20:05:06","date_gmt":"2022-05-09T20:05:06","guid":{"rendered":"https:\/\/www.technofox-international.com\/?page_id=119"},"modified":"2022-07-07T01:52:46","modified_gmt":"2022-07-07T01:52:46","slug":"aeronautique","status":"publish","type":"page","link":"https:\/\/www.technofox-international.com\/de_at\/luftfahrt-2\/","title":{"rendered":"Luft- und Raumfahrt"},"content":{"rendered":"<div data-elementor-type=\"wp-page\" data-elementor-id=\"119\" class=\"elementor elementor-119\" data-elementor-post-type=\"page\">\n\t\t\t\t\t\t<section class=\"elementor-section elementor-top-section elementor-element elementor-element-7fe039c6 elementor-section-boxed elementor-section-height-default elementor-section-height-default\" data-id=\"7fe039c6\" data-element_type=\"section\" data-e-type=\"section\" data-settings=\"{&quot;background_background&quot;:&quot;classic&quot;}\">\n\t\t\t\t\t\t<div class=\"elementor-container elementor-column-gap-default\">\n\t\t\t\t\t<div class=\"elementor-column elementor-col-100 elementor-top-column elementor-element elementor-element-5b4e08a4\" data-id=\"5b4e08a4\" data-element_type=\"column\" data-e-type=\"column\">\n\t\t\t<div class=\"elementor-widget-wrap elementor-element-populated\">\n\t\t\t\t\t\t<div class=\"elementor-element elementor-element-1fea4e7d elementor-widget elementor-widget-heading\" data-id=\"1fea4e7d\" data-element_type=\"widget\" data-e-type=\"widget\" data-widget_type=\"heading.default\">\n\t\t\t\t<div class=\"elementor-widget-container\">\n\t\t\t\t\t<h1 class=\"elementor-heading-title elementor-size-default\">Luft- und Raumfahrt<\/h1>\t\t\t\t<\/div>\n\t\t\t\t<\/div>\n\t\t\t\t<div class=\"elementor-element elementor-element-bd08566 elementor-icon-list--layout-inline elementor-align-center elementor-list-item-link-full_width elementor-widget elementor-widget-icon-list\" data-id=\"bd08566\" data-element_type=\"widget\" data-e-type=\"widget\" data-widget_type=\"icon-list.default\">\n\t\t\t\t<div class=\"elementor-widget-container\">\n\t\t\t\t\t\t\t<ul class=\"elementor-icon-list-items elementor-inline-items\">\n\t\t\t\t\t\t\t<li class=\"elementor-icon-list-item elementor-inline-item\">\n\t\t\t\t\t\t\t\t\t\t\t<a href=\"https:\/\/www.technofox-international.com\/de_at\">\n\n\t\t\t\t\t\t\t\t\t\t\t\t<span class=\"elementor-icon-list-icon\">\n\t\t\t\t\t\t\t<i aria-hidden=\"true\" class=\"fas fa-home\"><\/i>\t\t\t\t\t\t<\/span>\n\t\t\t\t\t\t\t\t\t\t<span class=\"elementor-icon-list-text\">Technofox<\/span>\n\t\t\t\t\t\t\t\t\t\t\t<\/a>\n\t\t\t\t\t\t\t\t\t<\/li>\n\t\t\t\t\t\t\t\t<li class=\"elementor-icon-list-item elementor-inline-item\">\n\t\t\t\t\t\t\t\t\t\t\t<span class=\"elementor-icon-list-icon\">\n\t\t\t\t\t\t\t<i aria-hidden=\"true\" class=\"fas fa-angle-right\"><\/i>\t\t\t\t\t\t<\/span>\n\t\t\t\t\t\t\t\t\t\t<span class=\"elementor-icon-list-text\"><\/span>\n\t\t\t\t\t\t\t\t\t<\/li>\n\t\t\t\t\t\t<\/ul>\n\t\t\t\t\t\t<\/div>\n\t\t\t\t<\/div>\n\t\t\t\t\t<\/div>\n\t\t<\/div>\n\t\t\t\t\t<\/div>\n\t\t<\/section>\n\t\t\t\t<section class=\"elementor-section elementor-top-section elementor-element elementor-element-59709e7 elementor-section-boxed elementor-section-height-default elementor-section-height-default\" data-id=\"59709e7\" data-element_type=\"section\" data-e-type=\"section\" data-settings=\"{&quot;background_background&quot;:&quot;classic&quot;}\">\n\t\t\t\t\t\t\t<div class=\"elementor-background-overlay\"><\/div>\n\t\t\t\t\t\t\t<div class=\"elementor-container elementor-column-gap-default\">\n\t\t\t\t\t<div class=\"elementor-column elementor-col-100 elementor-top-column elementor-element elementor-element-2156d97\" data-id=\"2156d97\" data-element_type=\"column\" data-e-type=\"column\">\n\t\t\t<div class=\"elementor-widget-wrap elementor-element-populated\">\n\t\t\t\t\t\t<div class=\"elementor-element elementor-element-6b1fdd8 elementor-widget elementor-widget-heading\" data-id=\"6b1fdd8\" data-element_type=\"widget\" data-e-type=\"widget\" data-widget_type=\"heading.default\">\n\t\t\t\t<div class=\"elementor-widget-container\">\n\t\t\t\t\t<h2 class=\"elementor-heading-title elementor-size-default\">\u00d6KONOMISCHE UND \u00d6KOLOGISCHE L\u00d6SUNGEN<\/h2>\t\t\t\t<\/div>\n\t\t\t\t<\/div>\n\t\t\t\t<section class=\"elementor-section elementor-inner-section elementor-element elementor-element-3bcca05 elementor-section-boxed elementor-section-height-default elementor-section-height-default\" data-id=\"3bcca05\" data-element_type=\"section\" data-e-type=\"section\">\n\t\t\t\t\t\t<div class=\"elementor-container elementor-column-gap-default\">\n\t\t\t\t\t<div class=\"elementor-column elementor-col-100 elementor-inner-column elementor-element elementor-element-322cc74\" data-id=\"322cc74\" data-element_type=\"column\" data-e-type=\"column\" data-settings=\"{&quot;background_background&quot;:&quot;classic&quot;}\">\n\t\t\t<div class=\"elementor-widget-wrap elementor-element-populated\">\n\t\t\t\t\t\t<div class=\"elementor-element elementor-element-76566d4 elementor-widget elementor-widget-text-editor\" data-id=\"76566d4\" data-element_type=\"widget\" data-e-type=\"widget\" data-widget_type=\"text-editor.default\">\n\t\t\t\t<div class=\"elementor-widget-container\">\n\t\t\t\t\t\t\t\t\t<p class=\"p1\"><span class=\"s1\">Wie in einer Vielzahl von Branchen ist auch in der Luftfahrt der Einsatz von L\u00f6sungsmitteln weit verbreitet. Technofox\u00ae erm\u00f6glicht es, die anspruchsvollen Anforderungen der Luftfahrtindustrie zu erf\u00fcllen.<\/span><\/p><ul><li class=\"li1\"><span class=\"s2\">Abbeizen von Teilen und alter Farbe<\/span><\/li><li class=\"li1\"><span class=\"s2\">Reinigen vor dem Streichen mit unseren Eco-Wash-L\u00f6sungen<\/span><\/li><li class=\"li1\"><span class=\"s2\">Entfetten von mechanischen Teilen mithilfe von Eco-Wash Plus<\/span><\/li><li class=\"li1\"><span class=\"s2\">Reinigung von Malwerkzeugen mit der Eco-Clean-Reihe<\/span><\/li><\/ul><p><strong>Unsere Produkte erf\u00fcllen sehr strenge Sicherheits- und Umweltstandards. Unsere Produkte bieten nachhaltige L\u00f6sungen f\u00fcr alle mechanischen Werkst\u00e4tten und Lackierereien. Sie reduzieren den Aussto\u00df von VOCs und gef\u00e4hrlichen Gasen, indem sie das Risiko von Entflammbarkeit und Explosionen verringern.<\/strong><\/p>\t\t\t\t\t\t\t\t<\/div>\n\t\t\t\t<\/div>\n\t\t\t\t\t<\/div>\n\t\t<\/div>\n\t\t\t\t\t<\/div>\n\t\t<\/section>\n\t\t\t\t\t<\/div>\n\t\t<\/div>\n\t\t\t\t\t<\/div>\n\t\t<\/section>\n\t\t\t\t<section class=\"elementor-section elementor-top-section elementor-element elementor-element-c124451 elementor-section-boxed elementor-section-height-default elementor-section-height-default\" data-id=\"c124451\" data-element_type=\"section\" data-e-type=\"section\">\n\t\t\t\t\t\t<div class=\"elementor-container elementor-column-gap-default\">\n\t\t\t\t\t<div class=\"elementor-column elementor-col-100 elementor-top-column elementor-element elementor-element-0ffd0f7\" data-id=\"0ffd0f7\" data-element_type=\"column\" data-e-type=\"column\">\n\t\t\t<div class=\"elementor-widget-wrap elementor-element-populated\">\n\t\t\t\t\t\t<div class=\"elementor-element elementor-element-2784d27 elementor-widget-divider--view-line_text elementor-widget-divider--element-align-center elementor-widget elementor-widget-divider\" data-id=\"2784d27\" data-element_type=\"widget\" data-e-type=\"widget\" data-widget_type=\"divider.default\">\n\t\t\t\t<div class=\"elementor-widget-container\">\n\t\t\t\t\t\t\t<div class=\"elementor-divider\">\n\t\t\t<span class=\"elementor-divider-separator\">\n\t\t\t\t\t\t\t<span class=\"elementor-divider__text elementor-divider__element\">\n\t\t\t\tAndere Produkte der Reihe Technofox\t\t\t\t<\/span>\n\t\t\t\t\t\t<\/span>\n\t\t<\/div>\n\t\t\t\t\t\t<\/div>\n\t\t\t\t<\/div>\n\t\t\t\t<section class=\"elementor-section elementor-inner-section elementor-element elementor-element-56a3456 elementor-section-boxed elementor-section-height-default elementor-section-height-default\" data-id=\"56a3456\" data-element_type=\"section\" data-e-type=\"section\">\n\t\t\t\t\t\t<div class=\"elementor-container elementor-column-gap-wider\">\n\t\t\t\t\t<div class=\"elementor-column elementor-col-33 elementor-inner-column elementor-element elementor-element-823fa4e\" data-id=\"823fa4e\" data-element_type=\"column\" data-e-type=\"column\">\n\t\t\t<div class=\"elementor-widget-wrap elementor-element-populated\">\n\t\t\t\t\t\t<div class=\"elementor-element elementor-element-745d203 elementor-position-top elementor-widget elementor-widget-image-box\" data-id=\"745d203\" data-element_type=\"widget\" data-e-type=\"widget\" data-widget_type=\"image-box.default\">\n\t\t\t\t<div class=\"elementor-widget-container\">\n\t\t\t\t\t<div class=\"elementor-image-box-wrapper\"><figure class=\"elementor-image-box-img\"><img fetchpriority=\"high\" decoding=\"async\" width=\"357\" height=\"500\" src=\"https:\/\/www.technofox-international.com\/wp-content\/uploads\/2022\/05\/tf-one-ouvert-web-500.png\" class=\"attachment-full size-full wp-image-99\" alt=\"\" srcset=\"https:\/\/www.technofox-international.com\/wp-content\/uploads\/2022\/05\/tf-one-ouvert-web-500.png 357w, https:\/\/www.technofox-international.com\/wp-content\/uploads\/2022\/05\/tf-one-ouvert-web-500-214x300.png 214w\" sizes=\"(max-width: 357px) 100vw, 357px\" \/><\/figure><div class=\"elementor-image-box-content\"><h3 class=\"elementor-image-box-title\">TF-ONE<\/h3><p class=\"elementor-image-box-description\">Automatische Reinigung von Lackierpistolen.\n\nDie Verwendung dieser Maschine in Kombination mit dem Produkt Eco-Clean Plus reduziert die Handhabung und den Zeitaufwand f\u00fcr die Reinigung erheblich. Weniger als 60 Sekunden erm\u00f6glichen eine perfekte Reinigung ohne Demontage der Luftkappe - D\u00fcse und Nadel.\nDieses Ergebnis kann nur mit Technofox-Biol\u00f6sungsmitteln erzielt werden.<\/p><\/div><\/div>\t\t\t\t<\/div>\n\t\t\t\t<\/div>\n\t\t\t\t<div class=\"elementor-element elementor-element-f4857aa elementor-align-center elementor-widget elementor-widget-button\" data-id=\"f4857aa\" data-element_type=\"widget\" data-e-type=\"widget\" data-widget_type=\"button.default\">\n\t\t\t\t<div class=\"elementor-widget-container\">\n\t\t\t\t\t\t\t\t\t<div class=\"elementor-button-wrapper\">\n\t\t\t\t\t<a class=\"elementor-button elementor-button-link elementor-size-sm\" href=\"#\">\n\t\t\t\t\t\t<span class=\"elementor-button-content-wrapper\">\n\t\t\t\t\t\t\t\t\t<span class=\"elementor-button-text\">WEITERE INFORMATIONEN<\/span>\n\t\t\t\t\t<\/span>\n\t\t\t\t\t<\/a>\n\t\t\t\t<\/div>\n\t\t\t\t\t\t\t\t<\/div>\n\t\t\t\t<\/div>\n\t\t\t\t\t<\/div>\n\t\t<\/div>\n\t\t\t\t<div class=\"elementor-column elementor-col-33 elementor-inner-column elementor-element elementor-element-ed55a98\" data-id=\"ed55a98\" data-element_type=\"column\" data-e-type=\"column\">\n\t\t\t<div class=\"elementor-widget-wrap elementor-element-populated\">\n\t\t\t\t\t\t<div class=\"elementor-element elementor-element-4e8c768 elementor-position-top elementor-widget elementor-widget-image-box\" data-id=\"4e8c768\" data-element_type=\"widget\" data-e-type=\"widget\" data-widget_type=\"image-box.default\">\n\t\t\t\t<div class=\"elementor-widget-container\">\n\t\t\t\t\t<div class=\"elementor-image-box-wrapper\"><figure class=\"elementor-image-box-img\"><img decoding=\"async\" width=\"1000\" height=\"1200\" src=\"https:\/\/www.technofox-international.com\/wp-content\/uploads\/2022\/05\/eco-shine-bidon-et-spray-e1560343097593.png\" class=\"attachment-full size-full wp-image-98\" alt=\"\" srcset=\"https:\/\/www.technofox-international.com\/wp-content\/uploads\/2022\/05\/eco-shine-bidon-et-spray-e1560343097593.png 1000w, https:\/\/www.technofox-international.com\/wp-content\/uploads\/2022\/05\/eco-shine-bidon-et-spray-e1560343097593-250x300.png 250w, https:\/\/www.technofox-international.com\/wp-content\/uploads\/2022\/05\/eco-shine-bidon-et-spray-e1560343097593-853x1024.png 853w, https:\/\/www.technofox-international.com\/wp-content\/uploads\/2022\/05\/eco-shine-bidon-et-spray-e1560343097593-768x922.png 768w\" sizes=\"(max-width: 1000px) 100vw, 1000px\" \/><\/figure><div class=\"elementor-image-box-content\"><h3 class=\"elementor-image-box-title\">ECO-SHINE<\/h3><p class=\"elementor-image-box-description\">Automatische Reinigung von Lackierpistolen.\n\nDie Verwendung dieser Maschine in Kombination mit dem Produkt Eco-Clean Plus reduziert die Handhabung und den Zeitaufwand f\u00fcr die Reinigung erheblich. Weniger als 60 Sekunden erm\u00f6glichen eine perfekte Reinigung ohne Demontage der Luftkappe - D\u00fcse und Nadel.\nDieses Ergebnis kann nur mit Technofox-Biol\u00f6sungsmitteln erzielt werden.<\/p><\/div><\/div>\t\t\t\t<\/div>\n\t\t\t\t<\/div>\n\t\t\t\t<div class=\"elementor-element elementor-element-622903a elementor-align-center elementor-widget elementor-widget-button\" data-id=\"622903a\" data-element_type=\"widget\" data-e-type=\"widget\" data-widget_type=\"button.default\">\n\t\t\t\t<div class=\"elementor-widget-container\">\n\t\t\t\t\t\t\t\t\t<div class=\"elementor-button-wrapper\">\n\t\t\t\t\t<a class=\"elementor-button elementor-button-link elementor-size-sm\" href=\"#\">\n\t\t\t\t\t\t<span class=\"elementor-button-content-wrapper\">\n\t\t\t\t\t\t\t\t\t<span class=\"elementor-button-text\">WEITERE INFORMATIONEN<\/span>\n\t\t\t\t\t<\/span>\n\t\t\t\t\t<\/a>\n\t\t\t\t<\/div>\n\t\t\t\t\t\t\t\t<\/div>\n\t\t\t\t<\/div>\n\t\t\t\t\t<\/div>\n\t\t<\/div>\n\t\t\t\t<div class=\"elementor-column elementor-col-33 elementor-inner-column elementor-element elementor-element-157bbed\" data-id=\"157bbed\" data-element_type=\"column\" data-e-type=\"column\">\n\t\t\t<div class=\"elementor-widget-wrap elementor-element-populated\">\n\t\t\t\t\t\t<div class=\"elementor-element elementor-element-68dfc7a elementor-position-top elementor-widget elementor-widget-image-box\" data-id=\"68dfc7a\" data-element_type=\"widget\" data-e-type=\"widget\" data-widget_type=\"image-box.default\">\n\t\t\t\t<div class=\"elementor-widget-container\">\n\t\t\t\t\t<div class=\"elementor-image-box-wrapper\"><figure class=\"elementor-image-box-img\"><img decoding=\"async\" width=\"885\" height=\"1072\" src=\"https:\/\/www.technofox-international.com\/wp-content\/uploads\/2022\/05\/eco-wash-bidon-34-e1563199551168.png\" class=\"attachment-full size-full wp-image-97\" alt=\"\" srcset=\"https:\/\/www.technofox-international.com\/wp-content\/uploads\/2022\/05\/eco-wash-bidon-34-e1563199551168.png 885w, https:\/\/www.technofox-international.com\/wp-content\/uploads\/2022\/05\/eco-wash-bidon-34-e1563199551168-248x300.png 248w, https:\/\/www.technofox-international.com\/wp-content\/uploads\/2022\/05\/eco-wash-bidon-34-e1563199551168-845x1024.png 845w, https:\/\/www.technofox-international.com\/wp-content\/uploads\/2022\/05\/eco-wash-bidon-34-e1563199551168-768x930.png 768w\" sizes=\"(max-width: 885px) 100vw, 885px\" \/><\/figure><div class=\"elementor-image-box-content\"><h3 class=\"elementor-image-box-title\">ECO-WASH<\/h3><p class=\"elementor-image-box-description\">Entfetter f\u00fcr Teile vor dem Lackieren\n\nEco-wash ist ein pflanzlicher 100% Entfetter auf Wasserbasis f\u00fcr die Reinigung von Teilen haupts\u00e4chlich vor dem Lackieren. Seine au\u00dfergew\u00f6hnlichen Eigenschaften erm\u00f6glichen es Ihnen, ihn auf allen Oberfl\u00e4chen anzuwenden; Kunststoff, Aluminium, Metall, etc.\nIdeal, um l\u00f6sungsmittel- oder alkoholbasierte Entfetter zu ersetzen...<\/p><\/div><\/div>\t\t\t\t<\/div>\n\t\t\t\t<\/div>\n\t\t\t\t<div class=\"elementor-element elementor-element-aec7b2b elementor-align-center elementor-widget elementor-widget-button\" data-id=\"aec7b2b\" data-element_type=\"widget\" data-e-type=\"widget\" data-widget_type=\"button.default\">\n\t\t\t\t<div class=\"elementor-widget-container\">\n\t\t\t\t\t\t\t\t\t<div class=\"elementor-button-wrapper\">\n\t\t\t\t\t<a class=\"elementor-button elementor-button-link elementor-size-sm\" href=\"#\">\n\t\t\t\t\t\t<span class=\"elementor-button-content-wrapper\">\n\t\t\t\t\t\t\t\t\t<span class=\"elementor-button-text\">WEITERE INFORMATIONEN<\/span>\n\t\t\t\t\t<\/span>\n\t\t\t\t\t<\/a>\n\t\t\t\t<\/div>\n\t\t\t\t\t\t\t\t<\/div>\n\t\t\t\t<\/div>\n\t\t\t\t\t<\/div>\n\t\t<\/div>\n\t\t\t\t\t<\/div>\n\t\t<\/section>\n\t\t\t\t\t<\/div>\n\t\t<\/div>\n\t\t\t\t\t<\/div>\n\t\t<\/section>\n\t\t\t\t<section class=\"elementor-section elementor-top-section elementor-element elementor-element-c6740cf elementor-section-boxed elementor-section-height-default elementor-section-height-default\" data-id=\"c6740cf\" data-element_type=\"section\" data-e-type=\"section\">\n\t\t\t\t\t\t<div class=\"elementor-container elementor-column-gap-default\">\n\t\t\t\t\t<div class=\"elementor-column elementor-col-100 elementor-top-column elementor-element elementor-element-8697088\" data-id=\"8697088\" data-element_type=\"column\" data-e-type=\"column\">\n\t\t\t<div class=\"elementor-widget-wrap elementor-element-populated\">\n\t\t\t\t\t\t<div class=\"elementor-element elementor-element-13cdb0a elementor-widget-divider--view-line elementor-widget elementor-widget-divider\" data-id=\"13cdb0a\" data-element_type=\"widget\" data-e-type=\"widget\" data-widget_type=\"divider.default\">\n\t\t\t\t<div class=\"elementor-widget-container\">\n\t\t\t\t\t\t\t<div class=\"elementor-divider\">\n\t\t\t<span class=\"elementor-divider-separator\">\n\t\t\t\t\t\t<\/span>\n\t\t<\/div>\n\t\t\t\t\t\t<\/div>\n\t\t\t\t<\/div>\n\t\t\t\t<div class=\"elementor-element elementor-element-9219d00 elementor-widget elementor-widget-heading\" data-id=\"9219d00\" data-element_type=\"widget\" data-e-type=\"widget\" data-widget_type=\"heading.default\">\n\t\t\t\t<div class=\"elementor-widget-container\">\n\t\t\t\t\t<h2 class=\"elementor-heading-title elementor-size-default\">WIRD VON HUNDERTEN VON MALSTUDIOS AUF DER GANZEN WELT VERWENDET,  <br>UNSERE L\u00d6SUNG ERM\u00d6GLICHT EINE ERHEBLICHE REDUZIERUNG DER COV-EMISSIONEN SOWIE<br> ALS DIE ENTSTEHUNG VON GIFTM\u00dcLL.<\/h2>\t\t\t\t<\/div>\n\t\t\t\t<\/div>\n\t\t\t\t<div class=\"elementor-element elementor-element-7e0fb5f elementor-widget-divider--view-line elementor-widget elementor-widget-divider\" data-id=\"7e0fb5f\" data-element_type=\"widget\" data-e-type=\"widget\" data-widget_type=\"divider.default\">\n\t\t\t\t<div class=\"elementor-widget-container\">\n\t\t\t\t\t\t\t<div class=\"elementor-divider\">\n\t\t\t<span class=\"elementor-divider-separator\">\n\t\t\t\t\t\t<\/span>\n\t\t<\/div>\n\t\t\t\t\t\t<\/div>\n\t\t\t\t<\/div>\n\t\t\t\t\t<\/div>\n\t\t<\/div>\n\t\t\t\t\t<\/div>\n\t\t<\/section>\n\t\t\t\t<section class=\"elementor-section elementor-top-section elementor-element elementor-element-5fd299c2 elementor-section-full_width elementor-section-height-default elementor-section-height-default\" data-id=\"5fd299c2\" data-element_type=\"section\" data-e-type=\"section\">\n\t\t\t\t\t\t<div class=\"elementor-container elementor-column-gap-default\">\n\t\t\t\t\t<div class=\"elementor-column elementor-col-50 elementor-top-column elementor-element elementor-element-2dceab88\" data-id=\"2dceab88\" data-element_type=\"column\" data-e-type=\"column\" data-settings=\"{&quot;background_background&quot;:&quot;classic&quot;}\">\n\t\t\t<div class=\"elementor-widget-wrap elementor-element-populated\">\n\t\t\t\t\t\t<div class=\"elementor-element elementor-element-6c5e346 elementor-widget elementor-widget-spacer\" data-id=\"6c5e346\" data-element_type=\"widget\" data-e-type=\"widget\" data-widget_type=\"spacer.default\">\n\t\t\t\t<div class=\"elementor-widget-container\">\n\t\t\t\t\t\t\t<div class=\"elementor-spacer\">\n\t\t\t<div class=\"elementor-spacer-inner\"><\/div>\n\t\t<\/div>\n\t\t\t\t\t\t<\/div>\n\t\t\t\t<\/div>\n\t\t\t\t\t<\/div>\n\t\t<\/div>\n\t\t\t\t<div class=\"elementor-column elementor-col-50 elementor-top-column elementor-element elementor-element-130ec40f\" data-id=\"130ec40f\" data-element_type=\"column\" data-e-type=\"column\" data-settings=\"{&quot;background_background&quot;:&quot;classic&quot;}\">\n\t\t\t<div class=\"elementor-widget-wrap elementor-element-populated\">\n\t\t\t\t\t\t<div class=\"elementor-element elementor-element-2f4ad8d7 elementor-invisible elementor-widget elementor-widget-heading\" data-id=\"2f4ad8d7\" data-element_type=\"widget\" data-e-type=\"widget\" data-settings=\"{&quot;_animation&quot;:&quot;fadeInDown&quot;}\" data-widget_type=\"heading.default\">\n\t\t\t\t<div class=\"elementor-widget-container\">\n\t\t\t\t\t<h3 class=\"elementor-heading-title elementor-size-default\">FORDERN SIE EINE DEMONSTRATION AN<\/h3>\t\t\t\t<\/div>\n\t\t\t\t<\/div>\n\t\t\t\t<div class=\"elementor-element elementor-element-6193e47 elementor-widget elementor-widget-text-editor\" data-id=\"6193e47\" data-element_type=\"widget\" data-e-type=\"widget\" data-widget_type=\"text-editor.default\">\n\t\t\t\t<div class=\"elementor-widget-container\">\n\t\t\t\t\t\t\t\t\t<p>Unsere Produkte k\u00f6nnen das Risiko von schweren Krankheiten und Arbeitsunf\u00e4llen verringern und unseren Planeten sch\u00fctzen.<\/p>\t\t\t\t\t\t\t\t<\/div>\n\t\t\t\t<\/div>\n\t\t\t\t<div class=\"elementor-element elementor-element-eca37be elementor-button-align-stretch elementor-widget elementor-widget-form\" data-id=\"eca37be\" data-element_type=\"widget\" data-e-type=\"widget\" data-settings=\"{&quot;step_next_label&quot;:&quot;Next&quot;,&quot;step_previous_label&quot;:&quot;Previous&quot;,&quot;button_width&quot;:&quot;100&quot;,&quot;step_type&quot;:&quot;number_text&quot;,&quot;step_icon_shape&quot;:&quot;circle&quot;}\" data-widget_type=\"form.default\">\n\t\t\t\t<div class=\"elementor-widget-container\">\n\t\t\t\t\t\t\t<form class=\"elementor-form\" method=\"post\" name=\"New Form\" action=\"\">\n\t\t\t<input type=\"hidden\" name=\"post_id\" value=\"119\"\/>\n\t\t\t<input type=\"hidden\" name=\"form_id\" value=\"eca37be\"\/>\n\t\t\t<input type=\"hidden\" name=\"referer_title\" value=\"\" \/>\n\n\t\t\t\n\t\t\t<div class=\"elementor-form-fields-wrapper elementor-labels-above\">\n\t\t\t\t\t\t\t\t<div class=\"elementor-field-type-text elementor-field-group elementor-column elementor-field-group-name elementor-col-100\">\n\t\t\t\t\t\t\t\t\t\t\t\t<label for=\"form-field-name\" class=\"elementor-field-label\">\n\t\t\t\t\t\t\t\tName\t\t\t\t\t\t\t<\/label>\n\t\t\t\t\t\t\t\t\t\t\t\t\t\t<input size=\"1\" type=\"text\" name=\"form_fields[name]\" id=\"form-field-name\" class=\"elementor-field elementor-size-sm  elementor-field-textual\" placeholder=\"Name\">\n\t\t\t\t\t\t\t\t\t\t\t<\/div>\n\t\t\t\t\t\t\t\t<div class=\"elementor-field-type-email elementor-field-group elementor-column elementor-field-group-email elementor-col-100 elementor-field-required\">\n\t\t\t\t\t\t\t\t\t\t\t\t<label for=\"form-field-email\" class=\"elementor-field-label\">\n\t\t\t\t\t\t\t\tE-Mail\t\t\t\t\t\t\t<\/label>\n\t\t\t\t\t\t\t\t\t\t\t\t\t\t<input size=\"1\" type=\"email\" name=\"form_fields[email]\" id=\"form-field-email\" class=\"elementor-field elementor-size-sm  elementor-field-textual\" placeholder=\"E-Mail\" required=\"required\" aria-required=\"true\">\n\t\t\t\t\t\t\t\t\t\t\t<\/div>\n\t\t\t\t\t\t\t\t<div class=\"elementor-field-type-textarea elementor-field-group elementor-column elementor-field-group-message elementor-col-100\">\n\t\t\t\t\t\t\t\t\t\t\t\t<label for=\"form-field-message\" class=\"elementor-field-label\">\n\t\t\t\t\t\t\t\tNachricht\t\t\t\t\t\t\t<\/label>\n\t\t\t\t\t\t<textarea class=\"elementor-field-textual elementor-field  elementor-size-sm\" name=\"form_fields[message]\" id=\"form-field-message\" rows=\"4\" placeholder=\"Nachricht\"><\/textarea>\t\t\t\t<\/div>\n\t\t\t\t\t\t\t\t<div class=\"elementor-field-group elementor-column elementor-field-type-submit elementor-col-100 e-form__buttons\">\n\t\t\t\t\t<button type=\"submit\" class=\"elementor-button elementor-size-sm\">\n\t\t\t\t\t\t<span >\n\t\t\t\t\t\t\t\t\t\t\t\t\t\t\t<span class=\"elementor-button-icon\">\n\t\t\t\t\t\t\t\t\t\t\t\t\t\t\t\t\t\t\t\t\t\t\t\t\t\t<\/span>\n\t\t\t\t\t\t\t\t\t\t\t\t\t\t\t\t\t\t\t\t\t\t<span class=\"elementor-button-text\">Senden<\/span>\n\t\t\t\t\t\t\t\t\t\t\t\t\t<\/span>\n\t\t\t\t\t<\/button>\n\t\t\t\t<\/div>\n\t\t\t<\/div>\n\t\t<input type=\"hidden\" name=\"trp-form-language\" value=\"de_at\"\/><\/form>\n\t\t\t\t\t\t<\/div>\n\t\t\t\t<\/div>\n\t\t\t\t\t<\/div>\n\t\t<\/div>\n\t\t\t\t\t<\/div>\n\t\t<\/section>\n\t\t\t\t<\/div>","protected":false},"excerpt":{"rendered":"<p>Luftfahrt \u00d6KONOMISCHE UND UMWELTFREUNDLICHE L\u00d6SUNGEN Wie in vielen anderen Branchen ist die Verwendung von L\u00f6sungsmitteln auch in der Luftfahrt sehr verbreitet. Technofox\u00ae erm\u00f6glicht es, die anspruchsvollen Anforderungen der Luftfahrtindustrie zu erf\u00fcllen. Abbeizen von Teilen und alten Farben Reinigung vor dem Lackieren mit unseren Eco-Wash-L\u00f6sungen Entfetten von mechanischen Teilen mit Hilfe von Eco-Wash Plus Reinigung von Werkzeugen [...]].<\/p>","protected":false},"author":2,"featured_media":0,"parent":0,"menu_order":0,"comment_status":"closed","ping_status":"closed","template":"","meta":{"footnotes":""},"class_list":["post-119","page","type-page","status-publish","hentry"],"_links":{"self":[{"href":"https:\/\/www.technofox-international.com\/de_at\/wp-json\/wp\/v2\/pages\/119","targetHints":{"allow":["GET"]}}],"collection":[{"href":"https:\/\/www.technofox-international.com\/de_at\/wp-json\/wp\/v2\/pages"}],"about":[{"href":"https:\/\/www.technofox-international.com\/de_at\/wp-json\/wp\/v2\/types\/page"}],"author":[{"embeddable":true,"href":"https:\/\/www.technofox-international.com\/de_at\/wp-json\/wp\/v2\/users\/2"}],"replies":[{"embeddable":true,"href":"https:\/\/www.technofox-international.com\/de_at\/wp-json\/wp\/v2\/comments?post=119"}],"version-history":[{"count":7,"href":"https:\/\/www.technofox-international.com\/de_at\/wp-json\/wp\/v2\/pages\/119\/revisions"}],"predecessor-version":[{"id":317,"href":"https:\/\/www.technofox-international.com\/de_at\/wp-json\/wp\/v2\/pages\/119\/revisions\/317"}],"wp:attachment":[{"href":"https:\/\/www.technofox-international.com\/de_at\/wp-json\/wp\/v2\/media?parent=119"}],"curies":[{"name":"wp","href":"https:\/\/api.w.org\/{rel}","templated":true}]}}